{"id":1421,"date":"2026-01-27T14:17:21","date_gmt":"2026-01-27T14:17:21","guid":{"rendered":"https:\/\/oscarspincasino.org\/app\/"},"modified":"2026-01-28T11:04:52","modified_gmt":"2026-01-28T11:04:52","slug":"aplikacja","status":"publish","type":"page","link":"https:\/\/oscarspincasino.org\/pl\/aplikacja\/","title":{"rendered":"Aplikacja"},"content":{"rendered":"<h1>Oscarspin App<\/h1>\n<p>The Oscarspin app provides consistent access to our full-featured platform through mobile Oscarspin App zapewnia sta\u0142y dost\u0119p do naszej w pe\u0142ni funkcjonalnej platformy za po\u015brednictwem przegl\u0105darek mobilnych i komputerowych. Odzwierciedla podstawowe funkcje g\u0142\u00f3wnej strony, w tym wp\u0142aty, wyp\u0142aty, proces weryfikacji oraz gr\u0119 na prawdziwe pieni\u0105dze, dostosowuj\u0105c si\u0119 do r\u00f3\u017cnych format\u00f3w ekran\u00f3w.<\/p>\n<p>Zaprojektowana z my\u015bl\u0105 o wygodzie u\u017cytkownika, mobilna wersja obs\u0142uguje nawigacj\u0119 gestami, przejrzysty uk\u0142ad i stabilne dzia\u0142anie zar\u00f3wno na iOS, jak i Androidzie. Gracze mog\u0105 uruchamia\u0107 automaty online, przegl\u0105da\u0107 promocje oraz kontaktowa\u0107 si\u0119 z Zespo\u0142em Wsparcia lub czatem na \u017cywo bez zmiany urz\u0105dzenia czy utraty danych sesji. Dla lepszego dost\u0119pu, kasyno Oscarspin mo\u017cna przypi\u0105\u0107 do ekranu g\u0142\u00f3wnego jako skr\u00f3t, tworz\u0105c punkt wej\u015bcia w stylu aplikacji, otwieraj\u0105cy si\u0119 w uproszczonym, skoncentrowanym widoku.<\/p>\n<p>Nie jest wymagane pobieranie ze sklepu. Aplikacja Oscar Spin dzia\u0142a bezpo\u015brednio w przegl\u0105darce, zachowuj\u0105c szyfrowan\u0105 komunikacj\u0119, kompatybilno\u015b\u0107 p\u0142atno\u015bci oraz pe\u0142n\u0105 integracj\u0119 z ustawieniami konta i narz\u0119dziami odpowiedzialnej gry.<\/p>\n<div class=\"banner-wrap\" aria-label=\"Banner\"><img src=\"https:\/\/oscarspincasino.org\/wp-content\/uploads\/2026\/01\/rw8JTBureiQHhx3j3rsg.webp\" class=\"w-100 d-none d-lg-block img-pc main-banner-img\" alt=\"Oscarspin desktop banner\" fetchpriority=\"high\" decoding=\"async\"><img src=\"https:\/\/oscarspincasino.org\/wp-content\/uploads\/2026\/01\/Oscarspin-mobile-banner.webp\" class=\"w-100 d-none d-md-block d-lg-none main-banner-img\" alt=\"Oscarspin mobile banner\" fetchpriority=\"high\" decoding=\"async\"><img src=\"https:\/\/oscarspincasino.org\/wp-content\/uploads\/2026\/01\/Oscarspin-mobile-banner.webp\" class=\"w-100 d-md-none\" alt=\"Oscarspin mobile banner\" fetchpriority=\"high\" decoding=\"async\"><div class=\"banner-description\">\n<div class=\"banner-title\">Bonus powitalny<\/div>\n<p class=\"banner-header-title\">4500 \u20ac<\/p>\n<div class=\"banner-header-AdditionalText\">+ 350 darmowych spin\u00f3w<\/div>\n<button data-item=\"homepage_banner_link\" class=\"goto m-button m-gradient-border m-button--primary m-button--large banner-button btn-orange\">\n            <div class=\"m-button-content\">\n                <span>Zarejestruj si\u0119 teraz<\/span>\n                <span><\/span>\n            <\/div>\n        <\/button>\n<\/div>\n<div class=\"WelcomePack\">\n<p><img loading=\"lazy\" decoding=\"async\" class=\"alignnone size-full wp-image-1336\" src=\"https:\/\/oscarspincasino.org\/wp-content\/uploads\/2026\/01\/welcome-crown.png\" alt=\"welcome crown\" width=\"25\" height=\"26\" \/><\/p>\n<div class=\"WelcomePack-Info\">Cotygodniowy cashback do 25%<\/div>\n<p><img loading=\"lazy\" decoding=\"async\" class=\"alignnone size-full wp-image-1336\" src=\"https:\/\/oscarspincasino.org\/wp-content\/uploads\/2026\/01\/welcome-crown.png\" alt=\"welcome crown\" width=\"25\" height=\"26\" \/><\/p>\n<\/div>\n<\/div>\n<h2>Kluczowe cechy mobilnego kasyna Oscarspin<\/h2>\n<p>Mobilne kasyno Oscarspin zosta\u0142o zaprojektowane tak, aby zapewni\u0107 pe\u0142ne wra\u017cenia z gry bezpo\u015brednio w przegl\u0105darce, bez konieczno\u015bci instalacji. Niezale\u017cnie od tego, czy grasz na Androidzie, czy iOS, interfejs dostosowuje si\u0119 do mniejszych ekran\u00f3w, zachowuj\u0105c dost\u0119p do kluczowych funkcji, takich jak kasa, promocje i wsparcie na czacie na \u017cywo.<\/p>\n<p>Nawigacja jest w pe\u0142ni zoptymalizowana pod dotyk, z kategoriami gier, filtrami i ostatni\u0105 aktywno\u015bci\u0105 zawsze w zasi\u0119gu r\u0119ki. Uk\u0142ad zosta\u0142 zaprojektowany tak, aby zminimalizowa\u0107 liczb\u0119 krok\u00f3w i utrzyma\u0107 wszystko widoczne podczas poruszania si\u0119 mi\u0119dzy sekcjami. G\u0142\u00f3wne narz\u0119dzia, takie jak aktywacja bonus\u00f3w i ustawienia konta, pozostaj\u0105 aktywne w widoku mobilnym, umo\u017cliwiaj\u0105c zarz\u0105dzanie sesj\u0105 bez zmiany urz\u0105dzenia.<\/p>\n<p>Najwa\u017cniejsze zalety wersji mobilnej to:<\/p>\n<ul>\n<li>Szybko \u0142aduj\u0105cy si\u0119 interfejs z dost\u0119pem do wszystkich automat\u00f3w online i sto\u0142\u00f3w na \u017cywo;<\/li>\n<li>Dost\u0119p jednym dotkni\u0119ciem dzi\u0119ki skr\u00f3towi na ekranie g\u0142\u00f3wnym;<\/li>\n<li>Automatyczne dopasowanie do orientacji ekranu \u2013 pionowej i poziomej;<\/li>\n<li>P\u0142ynna synchronizacja konta, umo\u017cliwiaj\u0105ca kontynuacj\u0119 gry mi\u0119dzy telefonem a komputerem;<\/li>\n<li>Zintegrowany dost\u0119p do wsparcia, w tym czat na \u017cywo z dowolnego ekranu;<\/li>\n<li>Szyfrowane p\u0142atno\u015bci i bezpieczny proces weryfikacji na urz\u0105dzeniach mobilnych.<\/li>\n<\/ul>\n<p>Ta wersja odtwarza dzia\u0142anie wersji komputerowej, ale jest lepiej dostosowana do kr\u00f3tkich sesji, podr\u00f3\u017cy lub korzystania na wielu urz\u0105dzeniach. Wszystko zosta\u0142o stworzone, aby zachowa\u0107 sp\u00f3jne wra\u017cenia z gry \u2013 w domu i w drodze.<\/p>\n<p><div class=\"scrollable-content-wrap my-5\"><div class=\"scrollable-content-inner\"><h2>Aplikacja mobilna Oscarspin na Androida<\/h2>\n<p>Aplikacja Oscarspin na Androida jest dost\u0119pna bezpo\u015brednio przez przegl\u0105dark\u0119 mobiln\u0105 i mo\u017cna j\u0105 doda\u0107 do ekranu g\u0142\u00f3wnego w kilku krokach. Interfejs zosta\u0142 dostosowany do ma\u0142ych ekran\u00f3w, oferuj\u0105c szybki dost\u0119p do automat\u00f3w online, sto\u0142\u00f3w na \u017cywo, promocji, narz\u0119dzi kasowych i ustawie\u0144 konta. Nie jest wymagane pobieranie ze sklepu \u2014 aplikacja dzia\u0142a niezawodnie z poziomu przegl\u0105darki, zachowuj\u0105c wszystkie kluczowe funkcje w zasi\u0119gu r\u0119ki.<\/p>\n<p>Aby doda\u0107 aplikacj\u0119 Oscar Spin do ekranu g\u0142\u00f3wnego Androida:<\/p>\n<ul>\n<li>Otw\u00f3rz oficjaln\u0105 stron\u0119 kasyna Oscarspin w przegl\u0105darce Chrome lub g\u0142\u00f3wnej przegl\u0105darce<\/li>\n<li>Przewi\u0144 do dolnej cz\u0119\u015bci strony g\u0142\u00f3wnej<\/li>\n<li>Dotknij przycisku \u201eCasino App\u201d, gdy si\u0119 pojawi<\/li>\n<li>Wybierz \u201eDodaj do ekranu g\u0142\u00f3wnego\u201d lub \u201eZainstaluj aplikacj\u0119\u201d<\/li>\n<li>Potwierd\u017a akcj\u0119, aby utworzy\u0107 skr\u00f3t aplikacji Oscarspin<\/li>\n<\/ul>\n<p>Po zainstalowaniu wystarczy dotkn\u0105\u0107 nowej ikony, aby zalogowa\u0107 si\u0119 i kontynuowa\u0107 gr\u0119. Twoje konto pozostaje zsynchronizowane, a powiadomienia push mo\u017cna w\u0142\u0105czy\u0107, aby otrzymywa\u0107 aktualizacje w czasie rzeczywistym o bonusach, turniejach i wydarzeniach na koncie.<\/p>\n<p>Aby zapewni\u0107 bezpiecze\u0144stwo sesji, zalecamy instalacj\u0119 aplikacji wy\u0142\u0105cznie za pomoc\u0105 monitu wy\u015bwietlanego na oficjalnej stronie i utrzymywanie przegl\u0105darki w najnowszej wersji. Historia gier, saldo i ulubione pozostaj\u0105 po\u0142\u0105czone przez ca\u0142y czas.<\/p>\n<p><img loading=\"lazy\" decoding=\"async\" src=\"https:\/\/oscarspincasino.org\/wp-content\/uploads\/2026\/01\/Oscarspin-Android-App.webp\" alt=\"Oscarspin Android App\" width=\"1248\" height=\"536\" \/><\/p>\n<\/div><\/div><div style=\"clear: both\"><\/div><div class=\"d-flex justify-content-center\"><button data-item=\"decouvrez_link\" data-group=\"website_links\" class=\"goto fw-bold rounded-pill btn btn-orange\" aria-label=\"Pobierz aplikacj\u0119 Oscarspin\" >Pobierz aplikacj\u0119 Oscarspin<\/button><\/div><div class=\"scrollable-content-wrap my-5\"><div class=\"scrollable-content-inner\"><h2>Aplikacja kasynowa Oscarspin na iOS<\/h2>\n<p>Aplikacja Oscarspin na iOS oferuje p\u0142ynny i niezawodny interfejs kasyna bezpo\u015brednio w Safari. Bez potrzeby pobierania z App Store mo\u017cesz uruchomi\u0107 mobilne kasyno w oknie pe\u0142noekranowym w stylu aplikacji na swoim iPhonie lub iPadzie. Struktura jest zoptymalizowana pod obs\u0142ug\u0119 dotykow\u0105, a wszystkie kluczowe funkcje \u2014 automaty online, gry na \u017cywo, promocje, kasa i czat na \u017cywo \u2014 pozostaj\u0105 dost\u0119pne z szybkim \u0142adowaniem i p\u0142ynn\u0105 nawigacj\u0105.<\/p>\n<p>Aby doda\u0107 aplikacj\u0119 Oscar Spin na iPhone\u2019a lub iPada:<\/p>\n<ul>\n<li>Otw\u00f3rz Safari i odwied\u017a oficjaln\u0105 stron\u0119 kasyna Oscar Spin<\/li>\n<li>Przewi\u0144 na d\u00f3\u0142 strony i dotknij banera \u201eCasino App\u201d<\/li>\n<li>W menu Safari wybierz \u201eDodaj do ekranu pocz\u0105tkowego\u201d<\/li>\n<li>Potwierd\u017a nazw\u0119 skr\u00f3tu i dotknij Dodaj<\/li>\n<\/ul>\n<p>Skr\u00f3t pojawi si\u0119 na ekranie g\u0142\u00f3wnym i uruchomi Oscar Spin w przejrzystym interfejsie, ukrywaj\u0105c elementy przegl\u0105darki dla bardziej skupionego do\u015bwiadczenia gry. Post\u0119p w grach, bonusy i narz\u0119dzia p\u0142atnicze pozostaj\u0105 w pe\u0142ni zsynchronizowane mi\u0119dzy wersj\u0105 mobiln\u0105 a komputerow\u0105.<\/p>\n<p>Na iPadzie interfejs automatycznie dostosowuje si\u0119 do widoku poziomego, oferuj\u0105c wi\u0119cej przestrzeni do przegl\u0105dania i \u0142atwiejsz\u0105 kontrol\u0119 podczas gier na \u017cywo lub aktywacji bonus\u00f3w. Niezale\u017cnie od tego, czy u\u017cywasz telefonu, czy tabletu, masz pe\u0142n\u0105 funkcjonalno\u015b\u0107 z bezpiecznym dost\u0119pem do wszystkich narz\u0119dzi konta i powiadomie\u0144 w czasie rzeczywistym tam, gdzie s\u0105 obs\u0142ugiwane.<\/p>\n<p><img loading=\"lazy\" decoding=\"async\" src=\"https:\/\/oscarspincasino.org\/wp-content\/uploads\/2026\/01\/Oscarspin-iOS-App.webp\" alt=\"Oscarspin iOS App\" width=\"1248\" height=\"536\" \/><\/p>\n<\/div><\/div><div style=\"clear: both\"><\/div><div class=\"d-flex justify-content-center\"><button data-item=\"decouvrez_link\" data-group=\"website_links\" class=\"goto fw-bold rounded-pill btn btn-orange\" aria-label=\"Pobierz Oscarspin\" >Pobierz Oscarspin<\/button><\/div><div class=\"scrollable-content-wrap my-5\"><div class=\"scrollable-content-inner\"><h2>Aplikacja kasynowa Oscarspin na Windows\/macOS<\/h2>\n<p>Kasyno Oscarspin dzia\u0142a p\u0142ynnie w nowoczesnych przegl\u0105darkach zar\u00f3wno w systemie Windows, jak i macOS, zapewniaj\u0105c pe\u0142ny dost\u0119p do platformy bez konieczno\u015bci instalacji. Po zalogowaniu gracze mog\u0105 korzysta\u0107 z pe\u0142nego lobby, uruchamia\u0107 automaty i gry na \u017cywo, zarz\u0105dza\u0107 wp\u0142atami i wyp\u0142atami oraz kontaktowa\u0107 si\u0119 z Zespo\u0142em Wsparcia \u2014 wszystko w stabilnym \u015brodowisku desktopowym. Interfejs efektywnie wykorzystuje wi\u0119ksze ekrany, oferuj\u0105c lepszy podgl\u0105d gier, sta\u0142e elementy nawigacyjne oraz szybki dost\u0119p do narz\u0119dzi promocyjnych i ustawie\u0144 odpowiedzialnej gry. Obs\u0142uga wielu okien u\u0142atwia tak\u017ce jednoczesne otwieranie kasy, strony turniejowej lub regulaminu podczas aktywnej gry.<\/p>\n<p>Dla graczy preferuj\u0105cych rozgrywk\u0119 na komputerze ta konfiguracja zapewnia d\u0142u\u017csze, nieprzerwane sesje przy minimalnym czasie \u0142adowania. Mo\u017cna r\u00f3wnie\u017c utworzy\u0107 skr\u00f3t przegl\u0105darkowy na pulpicie, aby uzyska\u0107 jednoklikowy dost\u0119p do Oscar Spin, kt\u00f3ry otwiera platform\u0119 w skoncentrowanym oknie \u2014 idealnym dla os\u00f3b, kt\u00f3re lubi\u0105 gra\u0107 w dedykowanym, wolnym od rozprosze\u0144 \u015brodowisku.<\/p>\n<p><img loading=\"lazy\" decoding=\"async\" src=\"https:\/\/oscarspincasino.org\/wp-content\/uploads\/2026\/01\/Oscarspin-Desktop.webp\" alt=\"Oscarspin Desktop\" width=\"1248\" height=\"536\" \/><\/p>\n<\/div><\/div><div style=\"clear: both\"><\/div><div class=\"d-flex justify-content-center\"><button data-item=\"decouvrez_link\" data-group=\"website_links\" class=\"goto fw-bold rounded-pill btn btn-orange\" aria-label=\"Pobierz aplikacj\u0119 Oscarspin\" >Pobierz aplikacj\u0119 Oscarspin<\/button><\/div><div class=\"scrollable-content-wrap my-5\"><div class=\"scrollable-content-inner\"><h2>Cz\u0119sto zadawane pytania (FAQ)<\/h2>\n<h3>Czy istnieje dedykowana aplikacja Oscar Spin do pobrania na Androida lub iOS?<\/h3>\n<p>Oscarspin jest dost\u0119pny jako Progressive Web App (PWA), a nie jako aplikacja do pobrania z Google Play lub App Store. Ten format pozwala zainstalowa\u0107 skr\u00f3t bezpo\u015brednio z przegl\u0105darki mobilnej, tworz\u0105c ikon\u0119 w stylu aplikacji, kt\u00f3ra otwiera Oscar Spin w czystym, pe\u0142noekranowym oknie. PWA zachowuje dost\u0119p do wszystkich podstawowych funkcji \u2014 w tym automat\u00f3w online, Live Casino, kasy i wsparcia \u2014 korzystaj\u0105c z przegl\u0105darki do aktualizacji zamiast tradycyjnej instalacji.<\/p>\n<h3>Czy aplikacja Oscarspin dzia\u0142a na starszych urz\u0105dzeniach z Androidem lub iOS?<\/h3>\n<p>PWA Oscarspin zosta\u0142a zaprojektowana tak, aby dzia\u0142a\u0142a na szerokiej gamie nowoczesnych przegl\u0105darek mobilnych, wi\u0119c wi\u0119kszo\u015b\u0107 urz\u0105dze\u0144 obs\u0142uguj\u0105cych aktualn\u0105 wersj\u0119 Chrome, Safari lub por\u00f3wnywalnej przegl\u0105darki poradzi sobie z ni\u0105 bez problemu. Wydajno\u015b\u0107 zale\u017cy g\u0142\u00f3wnie od zdolno\u015bci urz\u0105dzenia do p\u0142ynnego przetwarzania tre\u015bci internetowych, a nie od wymaga\u0144 specyficznych dla systemu.<\/p>\n<p>Starsze urz\u0105dzenia mog\u0105 wymaga\u0107 aktualnej wersji przegl\u0105darki, aby zapewni\u0107 prawid\u0142owe \u0142adowanie gier, bezpieczne p\u0142atno\u015bci i stabiln\u0105 nawigacj\u0119. Utrzymywanie aktualnych wersji przegl\u0105darki i oprogramowania systemowego zwykle poprawia responsywno\u015b\u0107 i kompatybilno\u015b\u0107.<\/p>\n<h3>Czy mog\u0119 korzysta\u0107 z logowania biometrycznego (Face ID lub odcisk palca) w aplikacji Oscarspin?<\/h3>\n<p>Dost\u0119p biometryczny dzia\u0142a za po\u015brednictwem wbudowanego mened\u017cera hase\u0142 w przegl\u0105darce mobilnej. Po zapisaniu danych logowania w Safari lub Chrome, przegl\u0105darka mo\u017ce poprosi\u0107 o weryfikacj\u0119 Face ID, Touch ID lub odciskiem palca podczas wype\u0142niania p\u00f3l logowania. Pozwala to na szybki i bezpieczny dost\u0119p do Oscarspin bez przechowywania wra\u017cliwych informacji w samej PWA.<\/p>\n<h3>Czy mog\u0119 prze\u0142\u0105cza\u0107 si\u0119 mi\u0119dzy urz\u0105dzeniami bez utraty post\u0119p\u00f3w lub ustawie\u0144?<\/h3>\n<p>Oscarspin utrzymuje saldo, bonusy, limity i ustawienia konta powi\u0105zane z twoim profilem, dzi\u0119ki czemu wszystko pozostaje zsynchronizowane podczas przechodzenia mi\u0119dzy telefonem, tabletem i komputerem. Po zalogowaniu historia aktywno\u015bci i zapisane preferencje pojawiaj\u0105 si\u0119 natychmiast, niezale\u017cnie od urz\u0105dzenia.<\/p>\n<p>To rozwi\u0105zanie jest szczeg\u00f3lnie przydatne w sesjach, kt\u00f3re zaczynasz na jednej platformie, a kontynuujesz na innej \u2014 na przyk\u0142ad przegl\u0105daj\u0105c gry na urz\u0105dzeniu mobilnym, a nast\u0119pnie wracaj\u0105c do tych samych tytu\u0142\u00f3w na komputerze z zachowanym stanem konta.<\/p>\n<h3>Ile miejsca zajmuje aplikacja Oscar Spin na moim urz\u0105dzeniu?<\/h3>\n<p>PWA Oscarspin nie instaluje si\u0119 jako tradycyjna aplikacja, dlatego zajmuje minimaln\u0105 ilo\u015b\u0107 miejsca. Ikona na ekranie g\u0142\u00f3wnym po prostu otwiera wersj\u0119 mobiln\u0105 w dedykowanym oknie. Wykorzystane miejsce pochodzi g\u0142\u00f3wnie z normalnych danych przegl\u0105darki, takich jak buforowane obrazy i tymczasowe pliki gier, kt\u00f3re mo\u017cna w ka\u017cdej chwili usun\u0105\u0107 w ustawieniach przegl\u0105darki.<\/p>\n<\/div><\/div><\/p>\n","protected":false},"excerpt":{"rendered":"<p>Oscarspin App The Oscarspin app provides consistent access to our full-featured platform through mobile Oscarspin App zapewnia sta\u0142y dost\u0119p do naszej w pe\u0142ni funkcjonalnej platformy za po\u015brednictwem przegl\u0105darek mobilnych i komputerowych. Odzwierciedla podstawowe funkcje g\u0142\u00f3wnej strony, w tym wp\u0142aty, wyp\u0142aty, proces weryfikacji oraz gr\u0119 na prawdziwe pieni\u0105dze, dostosowuj\u0105c si\u0119 do r\u00f3\u017cnych format\u00f3w ekran\u00f3w. Zaprojektowana z [&hellip;]<\/p>\n","protected":false},"author":9,"featured_media":0,"parent":0,"menu_order":0,"comment_status":"closed","ping_status":"closed","template":"template-builder.php","meta":{"_acf_changed":false,"inline_featured_image":false,"footnotes":""},"class_list":["post-1421","page","type-page","status-publish","hentry"],"acf":[],"yoast_head":"<!-- This site is optimized with the Yoast SEO plugin v24.4 - https:\/\/yoast.com\/wordpress\/plugins\/seo\/ -->\n<title>Oscarspin Casino App | Oficjalna aplikacja mobilna<\/title>\n<meta name=\"description\" content=\"Pobierz Oscar Spin Casino App na Android, iOS, Windows i macOS przez swoj\u0105 przegl\u0105dark\u0119. Graj w ponad 6000 slot\u00f3w i gier na \u017cywo z szybkimi wyp\u0142atami, bezpiecznymi p\u0142atno\u015bciami i wsparciem 24\/7.\" \/>\n<meta name=\"robots\" content=\"index, follow, max-snippet:-1, max-image-preview:large, max-video-preview:-1\" \/>\n<link rel=\"canonical\" href=\"https:\/\/oscarspincasino.org\/pl\/aplikacja\/\" \/>\n<meta property=\"og:locale\" content=\"pl_PL\" \/>\n<meta property=\"og:type\" content=\"article\" \/>\n<meta property=\"og:title\" content=\"Oscarspin Casino App | Oficjalna aplikacja mobilna\" \/>\n<meta property=\"og:description\" content=\"Pobierz Oscar Spin Casino App na Android, iOS, Windows i macOS przez swoj\u0105 przegl\u0105dark\u0119. Graj w ponad 6000 slot\u00f3w i gier na \u017cywo z szybkimi wyp\u0142atami, bezpiecznymi p\u0142atno\u015bciami i wsparciem 24\/7.\" \/>\n<meta property=\"og:url\" content=\"https:\/\/oscarspincasino.org\/pl\/aplikacja\/\" \/>\n<meta property=\"og:site_name\" content=\"oscarspin\" \/>\n<meta property=\"article:modified_time\" content=\"2026-01-28T11:04:52+00:00\" \/>\n<meta name=\"twitter:card\" content=\"summary_large_image\" \/>\n<meta name=\"twitter:label1\" content=\"Est. reading time\" \/>\n\t<meta name=\"twitter:data1\" content=\"2 minuty\" \/>\n<script type=\"application\/ld+json\" class=\"yoast-schema-graph\">{\"@context\":\"https:\/\/schema.org\",\"@graph\":[{\"@type\":\"WebPage\",\"@id\":\"https:\/\/oscarspincasino.org\/pl\/aplikacja\/\",\"url\":\"https:\/\/oscarspincasino.org\/pl\/aplikacja\/\",\"name\":\"Oscarspin Casino App | Oficjalna aplikacja mobilna\",\"isPartOf\":{\"@id\":\"https:\/\/oscarspincasino.org\/pl\/#website\"},\"datePublished\":\"2026-01-27T14:17:21+00:00\",\"dateModified\":\"2026-01-28T11:04:52+00:00\",\"description\":\"Pobierz Oscar Spin Casino App na Android, iOS, Windows i macOS przez swoj\u0105 przegl\u0105dark\u0119. Graj w ponad 6000 slot\u00f3w i gier na \u017cywo z szybkimi wyp\u0142atami, bezpiecznymi p\u0142atno\u015bciami i wsparciem 24\/7.\",\"breadcrumb\":{\"@id\":\"https:\/\/oscarspincasino.org\/pl\/aplikacja\/#breadcrumb\"},\"inLanguage\":\"pl-PL\",\"potentialAction\":[{\"@type\":\"ReadAction\",\"target\":[\"https:\/\/oscarspincasino.org\/pl\/aplikacja\/\"]}]},{\"@type\":\"BreadcrumbList\",\"@id\":\"https:\/\/oscarspincasino.org\/pl\/aplikacja\/#breadcrumb\",\"itemListElement\":[{\"@type\":\"ListItem\",\"position\":1,\"name\":\"Oscarspin\",\"item\":\"https:\/\/oscarspincasino.org\/pl\/\"},{\"@type\":\"ListItem\",\"position\":2,\"name\":\"Aplikacja\"}]},{\"@type\":\"WebSite\",\"@id\":\"https:\/\/oscarspincasino.org\/pl\/#website\",\"url\":\"https:\/\/oscarspincasino.org\/pl\/\",\"name\":\"Oscarspin\",\"description\":\"\",\"publisher\":{\"@id\":\"https:\/\/oscarspincasino.org\/pl\/#organization\"},\"potentialAction\":[{\"@type\":\"SearchAction\",\"target\":{\"@type\":\"EntryPoint\",\"urlTemplate\":\"https:\/\/oscarspincasino.org\/pl\/?s={search_term_string}\"},\"query-input\":{\"@type\":\"PropertyValueSpecification\",\"valueRequired\":true,\"valueName\":\"search_term_string\"}}],\"inLanguage\":\"pl-PL\"},{\"@type\":\"Organization\",\"@id\":\"https:\/\/oscarspincasino.org\/pl\/#organization\",\"name\":\"Oscarspin\",\"url\":\"https:\/\/oscarspincasino.org\/pl\/\",\"logo\":{\"@type\":\"ImageObject\",\"inLanguage\":\"pl-PL\",\"@id\":\"https:\/\/oscarspincasino.org\/pl\/#\/schema\/logo\/image\/\",\"url\":\"https:\/\/oscarspincasino.org\/wp-content\/uploads\/2026\/01\/Oscarspin-logo-Desktop.png\",\"contentUrl\":\"https:\/\/oscarspincasino.org\/wp-content\/uploads\/2026\/01\/Oscarspin-logo-Desktop.png\",\"width\":321,\"height\":66,\"caption\":\"Oscarspin\"},\"image\":{\"@id\":\"https:\/\/oscarspincasino.org\/pl\/#\/schema\/logo\/image\/\"}}]}<\/script>\n<!-- \/ Yoast SEO plugin. -->","yoast_head_json":{"title":"Oscarspin Casino App | Oficjalna aplikacja mobilna","description":"Pobierz Oscar Spin Casino App na Android, iOS, Windows i macOS przez swoj\u0105 przegl\u0105dark\u0119. Graj w ponad 6000 slot\u00f3w i gier na \u017cywo z szybkimi wyp\u0142atami, bezpiecznymi p\u0142atno\u015bciami i wsparciem 24\/7.","robots":{"index":"index","follow":"follow","max-snippet":"max-snippet:-1","max-image-preview":"max-image-preview:large","max-video-preview":"max-video-preview:-1"},"canonical":"https:\/\/oscarspincasino.org\/pl\/aplikacja\/","og_locale":"pl_PL","og_type":"article","og_title":"Oscarspin Casino App | Oficjalna aplikacja mobilna","og_description":"Pobierz Oscar Spin Casino App na Android, iOS, Windows i macOS przez swoj\u0105 przegl\u0105dark\u0119. Graj w ponad 6000 slot\u00f3w i gier na \u017cywo z szybkimi wyp\u0142atami, bezpiecznymi p\u0142atno\u015bciami i wsparciem 24\/7.","og_url":"https:\/\/oscarspincasino.org\/pl\/aplikacja\/","og_site_name":"oscarspin","article_modified_time":"2026-01-28T11:04:52+00:00","twitter_card":"summary_large_image","twitter_misc":{"Est. reading time":"2 minuty"},"schema":{"@context":"https:\/\/schema.org","@graph":[{"@type":"WebPage","@id":"https:\/\/oscarspincasino.org\/pl\/aplikacja\/","url":"https:\/\/oscarspincasino.org\/pl\/aplikacja\/","name":"Oscarspin Casino App | Oficjalna aplikacja mobilna","isPartOf":{"@id":"https:\/\/oscarspincasino.org\/pl\/#website"},"datePublished":"2026-01-27T14:17:21+00:00","dateModified":"2026-01-28T11:04:52+00:00","description":"Pobierz Oscar Spin Casino App na Android, iOS, Windows i macOS przez swoj\u0105 przegl\u0105dark\u0119. Graj w ponad 6000 slot\u00f3w i gier na \u017cywo z szybkimi wyp\u0142atami, bezpiecznymi p\u0142atno\u015bciami i wsparciem 24\/7.","breadcrumb":{"@id":"https:\/\/oscarspincasino.org\/pl\/aplikacja\/#breadcrumb"},"inLanguage":"pl-PL","potentialAction":[{"@type":"ReadAction","target":["https:\/\/oscarspincasino.org\/pl\/aplikacja\/"]}]},{"@type":"BreadcrumbList","@id":"https:\/\/oscarspincasino.org\/pl\/aplikacja\/#breadcrumb","itemListElement":[{"@type":"ListItem","position":1,"name":"Oscarspin","item":"https:\/\/oscarspincasino.org\/pl\/"},{"@type":"ListItem","position":2,"name":"Aplikacja"}]},{"@type":"WebSite","@id":"https:\/\/oscarspincasino.org\/pl\/#website","url":"https:\/\/oscarspincasino.org\/pl\/","name":"Oscarspin","description":"","publisher":{"@id":"https:\/\/oscarspincasino.org\/pl\/#organization"},"potentialAction":[{"@type":"SearchAction","target":{"@type":"EntryPoint","urlTemplate":"https:\/\/oscarspincasino.org\/pl\/?s={search_term_string}"},"query-input":{"@type":"PropertyValueSpecification","valueRequired":true,"valueName":"search_term_string"}}],"inLanguage":"pl-PL"},{"@type":"Organization","@id":"https:\/\/oscarspincasino.org\/pl\/#organization","name":"Oscarspin","url":"https:\/\/oscarspincasino.org\/pl\/","logo":{"@type":"ImageObject","inLanguage":"pl-PL","@id":"https:\/\/oscarspincasino.org\/pl\/#\/schema\/logo\/image\/","url":"https:\/\/oscarspincasino.org\/wp-content\/uploads\/2026\/01\/Oscarspin-logo-Desktop.png","contentUrl":"https:\/\/oscarspincasino.org\/wp-content\/uploads\/2026\/01\/Oscarspin-logo-Desktop.png","width":321,"height":66,"caption":"Oscarspin"},"image":{"@id":"https:\/\/oscarspincasino.org\/pl\/#\/schema\/logo\/image\/"}}]}},"_links":{"self":[{"href":"https:\/\/oscarspincasino.org\/pl\/wp-json\/wp\/v2\/pages\/1421"}],"collection":[{"href":"https:\/\/oscarspincasino.org\/pl\/wp-json\/wp\/v2\/pages"}],"about":[{"href":"https:\/\/oscarspincasino.org\/pl\/wp-json\/wp\/v2\/types\/page"}],"author":[{"embeddable":true,"href":"https:\/\/oscarspincasino.org\/pl\/wp-json\/wp\/v2\/users\/9"}],"replies":[{"embeddable":true,"href":"https:\/\/oscarspincasino.org\/pl\/wp-json\/wp\/v2\/comments?post=1421"}],"version-history":[{"count":2,"href":"https:\/\/oscarspincasino.org\/pl\/wp-json\/wp\/v2\/pages\/1421\/revisions"}],"predecessor-version":[{"id":1722,"href":"https:\/\/oscarspincasino.org\/pl\/wp-json\/wp\/v2\/pages\/1421\/revisions\/1722"}],"wp:attachment":[{"href":"https:\/\/oscarspincasino.org\/pl\/wp-json\/wp\/v2\/media?parent=1421"}],"curies":[{"name":"wp","href":"https:\/\/api.w.org\/{rel}","templated":true}]}}