{"id":1457,"date":"2026-01-27T14:22:49","date_gmt":"2026-01-27T14:22:49","guid":{"rendered":"https:\/\/oscarspincasino.org\/login-and-registration\/"},"modified":"2026-01-28T07:27:24","modified_gmt":"2026-01-28T07:27:24","slug":"connexion-et-inscription","status":"publish","type":"page","link":"https:\/\/oscarspincasino.org\/fr\/connexion-et-inscription\/","title":{"rendered":"Connexion et inscription"},"content":{"rendered":"<h1>Oscarspin Login<\/h1>\n<p>Acc\u00e9der \u00e0 votre compte via le portail Oscarspin login vous garantit une connexion s\u00e9curis\u00e9e et ininterrompue \u00e0 toutes les fonctionnalit\u00e9s essentielles de notre plateforme. Une fois authentifi\u00e9, le joueur entre dans un environnement unifi\u00e9 o\u00f9 les jeux, les paiements, les outils de jeu responsable et les param\u00e8tres de profil sont centralis\u00e9s sur un seul tableau de bord. Le processus de connexion est identique sur ordinateur et mobile, avec un traitement des sessions chiffr\u00e9 et une synchronisation stable entre les appareils. Cela garantit que votre solde, votre historique d\u2019activit\u00e9 et vos pr\u00e9f\u00e9rences restent align\u00e9s, que vous changiez d\u2019appareil ou poursuiviez une session d\u00e9j\u00e0 en cours.<\/p>\n<p>D\u00e8s la cr\u00e9ation de votre compte, l\u2019interface du casino Oscar Spin s\u2019adapte \u00e0 votre appareil pr\u00e9f\u00e9r\u00e9, vous offrant un contr\u00f4le total sur les d\u00e9p\u00f4ts, les retraits, les bonus actifs, les notifications et les mises \u00e0 jour du processus de v\u00e9rification. Le chat en direct et le support multilingue restent disponibles \u00e0 tout moment, vous permettant de contacter directement notre \u00e9quipe d\u2019assistance si n\u00e9cessaire.<\/p>\n<p>Si vous \u00eates nouveau sur la plateforme, l\u2019inscription ne prend que quelques \u00e9tapes et vous donne imm\u00e9diatement acc\u00e8s \u00e0 l\u2019ensemble du lobby Oscarspin ainsi qu\u2019aux fonctionnalit\u00e9s r\u00e9serv\u00e9es aux membres.<\/p>\n<p><div class=\"banner-wrap\" aria-label=\"Banner\"><img src=\"https:\/\/oscarspincasino.org\/wp-content\/uploads\/2026\/01\/rw8JTBureiQHhx3j3rsg.webp\" class=\"w-100 d-none d-lg-block img-pc main-banner-img\" alt=\"Oscarspin desktop banner\" fetchpriority=\"high\" decoding=\"async\"><img src=\"https:\/\/oscarspincasino.org\/wp-content\/uploads\/2026\/01\/Oscarspin-mobile-banner.webp\" class=\"w-100 d-none d-md-block d-lg-none main-banner-img\" alt=\"Oscarspin mobile banner\" fetchpriority=\"high\" decoding=\"async\"><img src=\"https:\/\/oscarspincasino.org\/wp-content\/uploads\/2026\/01\/Oscarspin-mobile-banner.webp\" class=\"w-100 d-md-none\" alt=\"Oscarspin mobile banner\" fetchpriority=\"high\" decoding=\"async\"><div class=\"banner-description\">\n<div class=\"banner-title\">Bonus de bienvenue<\/div>\n<p class=\"banner-header-title\">1 000 \u20ac<\/p>\n<div class=\"banner-header-AdditionalText\">+ 100 tours gratuits<\/div>\n<button data-item=\"homepage_banner_link\" class=\"goto m-button m-gradient-border m-button--primary m-button--large banner-button btn-orange\">\n            <div class=\"m-button-content\">\n                <span>Inscrivez-vous maintenant<\/span>\n                <span><\/span>\n            <\/div>\n        <\/button>\n<\/div>\n<div class=\"WelcomePack\">\n<p><img loading=\"lazy\" decoding=\"async\" class=\"alignnone size-full wp-image-1336\" src=\"https:\/\/oscarspincasino.org\/wp-content\/uploads\/2026\/01\/welcome-crown.png\" alt=\"welcome crown\" width=\"25\" height=\"26\" \/><\/p>\n<div class=\"WelcomePack-Info\">Cashback hebdomadaire jusqu\u2019\u00e0 25 %<\/div>\n<p><img loading=\"lazy\" decoding=\"async\" class=\"alignnone size-full wp-image-1336\" src=\"https:\/\/oscarspincasino.org\/wp-content\/uploads\/2026\/01\/welcome-crown.png\" alt=\"welcome crown\" width=\"25\" height=\"26\" \/><\/p>\n<\/div>\n<\/div><div class=\"scrollable-content-wrap my-5\"><div class=\"scrollable-content-inner\"><h2>Inscription Oscar Spin<\/h2>\n<p>Cr\u00e9er un compte sur le casino Oscarspin donne aux joueurs un acc\u00e8s complet \u00e0 notre environnement de jeu, y compris aux parties en argent r\u00e9el, aux bonus, aux paiements s\u00e9curis\u00e9s et \u00e0 une activit\u00e9 synchronis\u00e9e sur tous les appareils pris en charge. Le processus d\u2019inscription est simple et requis avant toute session de jeu, d\u00e9p\u00f4t ou retrait. Une fois votre compte activ\u00e9, vous pouvez personnaliser votre profil, g\u00e9rer vos param\u00e8tres et acc\u00e9der \u00e0 des \u00e9v\u00e9nements exclusifs r\u00e9serv\u00e9s aux utilisateurs enregistr\u00e9s.<\/p>\n<p>Avant votre premier retrait, votre identit\u00e9 devra \u00eatre v\u00e9rifi\u00e9e dans le cadre de notre proc\u00e9dure de v\u00e9rification standard. Cette \u00e9tape garantit que toutes les activit\u00e9s restent conformes et s\u00e9curis\u00e9es. Apr\u00e8s l\u2019inscription, vous aurez acc\u00e8s \u00e0 l\u2019ensemble du lobby du casino Oscar Spin ainsi qu\u2019aux fonctions d\u2019assistance multilingue et de chat en direct via votre espace personnel.<\/p>\n<p>Avantages cl\u00e9s de l&rsquo;inscription chez Oscarspin<\/p>\n<table>\n<tbody>\n<tr>\n<td>Avantage<\/td>\n<td>Ce que vous obtenez<\/td>\n<td>S&rsquo;applique \u00e0<\/td>\n<\/tr>\n<tr>\n<td>Acc\u00e8s complet au lobby de jeux<\/td>\n<td>Jouer aux machines \u00e0 sous, jeux de table et Live Casino avec de l&rsquo;argent r\u00e9el<\/td>\n<td>Tous les utilisateurs inscrits<\/td>\n<\/tr>\n<tr>\n<td>Activation des bonus<\/td>\n<td>R\u00e9clamer les bonus de bienvenue et les promotions en cours depuis votre compte<\/td>\n<td>Nouveaux et anciens joueurs<\/td>\n<\/tr>\n<tr>\n<td>Gestion du profil personnel<\/td>\n<td>D\u00e9finir la langue, les notifications et les outils de s\u00e9curit\u00e9 du compte<\/td>\n<td>Multi-appareil<\/td>\n<\/tr>\n<tr>\n<td>Fonctionnalit\u00e9 de la caisse<\/td>\n<td>D\u00e9poser et retirer via des m\u00e9thodes de paiement s\u00e9curis\u00e9es et v\u00e9rifi\u00e9es<\/td>\n<td>Ordinateur et mobile<\/td>\n<\/tr>\n<tr>\n<td>Tournois et \u00e9v\u00e9nements<\/td>\n<td>Participer \u00e0 des d\u00e9fis de classement et des campagnes limit\u00e9es dans le temps<\/td>\n<td>Participants \u00e9ligibles<\/td>\n<\/tr>\n<tr>\n<td>Syst\u00e8me de connexion unifi\u00e9<\/td>\n<td>Utiliser la m\u00eame connexion sur tous les appareils avec synchronisation du solde<\/td>\n<td>iOS, Android, Windows, Mac<\/td>\n<\/tr>\n<\/tbody>\n<\/table>\n<h3>Cr\u00e9er un compte<\/h3>\n<p>Cr\u00e9er un compte sur Oscarspin est rapide et simple. Une fois votre profil activ\u00e9, vous pourrez r\u00e9clamer des promotions, personnaliser vos pr\u00e9f\u00e9rences et participer \u00e0 des campagnes programm\u00e9es.<\/p>\n<p>Pour vous inscrire sur Oscarspin :<\/p>\n<ul>\n<li>Cliquez sur le bouton \u00ab S&rsquo;inscrire \u00bb situ\u00e9 en haut \u00e0 droite de la page d&rsquo;accueil<\/li>\n<li>Saisissez une adresse e-mail valide et cr\u00e9ez un mot de passe<\/li>\n<li>Ajoutez un code promo si vous en avez un (optionnel)<\/li>\n<li>Confirmez votre \u00e2ge et acceptez les Conditions g\u00e9n\u00e9rales et la Politique de confidentialit\u00e9<\/li>\n<li>Soumettez le formulaire et v\u00e9rifiez votre e-mail en cliquant sur le lien de confirmation<\/li>\n<li>Retournez \u00e0 l&rsquo;\u00e9cran de connexion et saisissez vos identifiants pour acc\u00e9der \u00e0 votre compte<\/li>\n<\/ul>\n<p>Apr\u00e8s la connexion, vous pourrez d\u00e9finir la langue de l&rsquo;interface, g\u00e9rer vos pr\u00e9f\u00e9rences de notification et ajouter une m\u00e9thode de paiement pour commencer \u00e0 jouer avec de l&rsquo;argent r\u00e9el.<\/p>\n<h2>Connexion Oscar Spin et gestion du compte<\/h2>\n<p>Pour vous connecter \u00e0 votre compte Oscarspin, cliquez sur le bouton \u00ab Se connecter \u00bb en haut \u00e0 droite du site. Saisissez votre adresse e-mail enregistr\u00e9e et votre mot de passe, ou utilisez l\u2019option de connexion Google pour un acc\u00e8s rapide. Chaque session est s\u00e9curis\u00e9e par des protocoles chiffr\u00e9s afin de prot\u00e9ger vos donn\u00e9es sur tous les appareils.<\/p>\n<p>Une fois connect\u00e9, vous acc\u00e9dez \u00e0 votre tableau de bord personnel \u2014 un espace centralis\u00e9 o\u00f9 sont regroup\u00e9es toutes les fonctionnalit\u00e9s du compte. Du jeu \u00e0 la gestion des paiements, toutes les actions sont con\u00e7ues pour offrir commodit\u00e9 et transparence.<\/p>\n<p>Aper\u00e7u du tableau de bord sur Oscar Spin<\/p>\n<table>\n<tbody>\n<tr>\n<td>Section<\/td>\n<td>Actions disponibles<\/td>\n<td>D\u00e9tails<\/td>\n<\/tr>\n<tr>\n<td>Jeux &amp; Lobby<\/td>\n<td>Lancer les machines \u00e0 sous, les jeux de table et le casino en direct<\/td>\n<td>Jouer directement depuis le tableau de bord avec solde et pr\u00e9f\u00e9rences synchronis\u00e9s<\/td>\n<\/tr>\n<tr>\n<td>Promotions<\/td>\n<td>Activer les offres bonus et consulter les campagnes en cours<\/td>\n<td>Mises \u00e0 jour en temps r\u00e9el selon l\u2019\u00e9ligibilit\u00e9 et les \u00e9v\u00e9nements en cours<\/td>\n<\/tr>\n<tr>\n<td>Caisse<\/td>\n<td>D\u00e9poser des fonds, demander des retraits, g\u00e9rer les m\u00e9thodes de paiement<\/td>\n<td>Caisse crypt\u00e9e SSL prenant en charge les cartes et portefeuilles v\u00e9rifi\u00e9s<\/td>\n<\/tr>\n<tr>\n<td>Param\u00e8tres du compte<\/td>\n<td>Mettre \u00e0 jour la langue, modifier les param\u00e8tres de notification<\/td>\n<td>Personnaliser l\u2019exp\u00e9rience utilisateur sur tous les appareils<\/td>\n<\/tr>\n<tr>\n<td>Historique d&rsquo;activit\u00e9<\/td>\n<td>Consulter les transactions, l\u2019historique des jeux et les connexions<\/td>\n<td>Suivi transparent de vos sessions pass\u00e9es et actions financi\u00e8res<\/td>\n<\/tr>\n<tr>\n<td>V\u00e9rification<\/td>\n<td>T\u00e9l\u00e9charger des documents d\u2019identit\u00e9 dans le cadre des contr\u00f4les KYC<\/td>\n<td>Requis avant le premier retrait pour confirmer la propri\u00e9t\u00e9 du compte<\/td>\n<\/tr>\n<tr>\n<td>Acc\u00e8s au support<\/td>\n<td>Contacter par chat en direct dans plusieurs langues<\/td>\n<td>Obtenir de l\u2019aide du support directement via le panneau de profil<\/td>\n<\/tr>\n<\/tbody>\n<\/table>\n<p>Nous recommandons de vous d\u00e9connecter apr\u00e8s chaque session, en particulier sur des appareils partag\u00e9s ou publics. En cas de probl\u00e8me de connexion inattendu ou d\u2019activit\u00e9 suspecte, r\u00e9initialisez imm\u00e9diatement vos identifiants et contactez notre \u00e9quipe d\u2019assistance multilingue.<\/p>\n<h3>Mot de passe oubli\u00e9?<\/h3>\n<p>Si vous avez oubli\u00e9 vos identifiants Oscarspin, la r\u00e9cup\u00e9ration de l\u2019acc\u00e8s est rapide et s\u00e9curis\u00e9e. Utilisez l\u2019option \u00abMot de passe oubli\u00e9?\u00bb situ\u00e9e sous le formulaire de connexion sur l\u2019\u00e9cran principal.<\/p>\n<p>Voici les \u00e9tapes \u00e0 suivre pour r\u00e9initialiser votre mot de passe:<\/p>\n<ul>\n<li>Cliquez sur \u00abMot de passe oubli\u00e9?\u00bb sur l\u2019\u00e9cran de connexion<\/li>\n<li>Saisissez l\u2019adresse e-mail associ\u00e9e \u00e0 votre compte Oscarspin<\/li>\n<li>V\u00e9rifiez votre bo\u00eete de r\u00e9ception pour un lien de r\u00e9initialisation (pensez \u00e9galement aux dossiers spam ou promotions)<\/li>\n<li>Suivez le lien et d\u00e9finissez un nouveau mot de passe conforme aux normes de s\u00e9curit\u00e9<\/li>\n<li>Revenez \u00e0 l\u2019\u00e9cran de connexion et connectez-vous avec vos nouvelles informations<\/li>\n<\/ul>\n<p>Apr\u00e8s la r\u00e9initialisation de votre mot de passe, nous vous conseillons de v\u00e9rifier votre compte pour d\u00e9tecter toute modification inhabituelle et de mettre \u00e0 jour les identifiants enregistr\u00e9s dans votre navigateur. Pour toute aide suppl\u00e9mentaire, contactez notre \u00e9quipe d\u2019assistance multilingue via le chat en direct depuis votre profil.<\/p>\n<h2>V\u00e9rification sur le casino Oscarspin<\/h2>\n<p>La v\u00e9rification sur le casino Oscarspin est une \u00e9tape essentielle pour maintenir un environnement de compte s\u00e9curis\u00e9 et garantir que chaque profil correspond bien \u00e0 la personne qui l\u2019a cr\u00e9\u00e9. La proc\u00e9dure est lanc\u00e9e directement depuis la section de v\u00e9rification de votre compte, o\u00f9 vous pouvez t\u00e9l\u00e9charger les documents n\u00e9cessaires via une interface prot\u00e9g\u00e9e. Les demandes courantes concernent la v\u00e9rification d\u2019identit\u00e9, l\u2019adresse de r\u00e9sidence et la m\u00e9thode de paiement utilis\u00e9e sur la plateforme. Tous les fichiers sont trait\u00e9s de mani\u00e8re confidentielle, et le statut de v\u00e9rification est affich\u00e9 dans votre profil jusqu\u2019\u00e0 la fin de l\u2019examen.<\/p>\n<p>Dans le cadre de nos obligations AML et KYC, les informations soumises sont examin\u00e9es par notre \u00e9quipe interne, et vous recevrez le r\u00e9sultat par e-mail une fois l\u2019\u00e9valuation termin\u00e9e. Si des documents suppl\u00e9mentaires sont requis, nous vous fournirons des instructions claires pour finaliser la proc\u00e9dure sans d\u00e9lai. Notre \u00e9quipe d\u2019assistance est disponible via le chat en direct pour vous aider \u00e0 chaque \u00e9tape avec un support multilingue.<\/p>\n<h2>Foire aux questions (FAQ)<\/h2>\n<h3>Quelles informations sont requises lors de l&rsquo;inscription?<\/h3>\n<p>Pour vous inscrire sur Oscarspin, vous devez fournir une adresse e\u2011mail valide, cr\u00e9er un mot de passe s\u00e9curis\u00e9 et confirmer que vous avez au moins 18 ans. D\u2019autres informations, comme le nom complet, la date de naissance, le num\u00e9ro de t\u00e9l\u00e9phone et le pays de r\u00e9sidence, peuvent \u00eatre demand\u00e9es en fonction des r\u00e9glementations locales ou ult\u00e9rieurement dans le processus de v\u00e9rification. Toutes les donn\u00e9es doivent \u00eatre exactes et v\u00e9rifiables, car elles sont utilis\u00e9es pour les contr\u00f4les de s\u00e9curit\u00e9, la validation des paiements et le respect des obligations l\u00e9gales en mati\u00e8re de lutte contre le blanchiment d&rsquo;argent et de jeu responsable.<\/p>\n<h3>Que faire si j\u2019ai saisi des informations incorrectes lors de l&rsquo;inscription?<\/h3>\n<p>Saisir des donn\u00e9es personnelles incorrectes \u2013 comme un nom mal orthographi\u00e9 ou une mauvaise date de naissance \u2013 peut entra\u00eener des retards dans la v\u00e9rification et limiter votre acc\u00e8s aux d\u00e9p\u00f4ts, retraits ou fonctionnalit\u00e9s. Il est essentiel de corriger ces erreurs avant toute transaction financi\u00e8re.<\/p>\n<p>Pour mettre \u00e0 jour vos informations, contactez l&rsquo;\u00e9quipe d&rsquo;assistance Oscarspin par chat en direct ou par e-mail. Des documents officiels peuvent vous \u00eatre demand\u00e9s pour v\u00e9rifier les donn\u00e9es avant modification. Ne cr\u00e9ez pas de profil en double : un seul compte par personne est autoris\u00e9 sur la plateforme.<\/p>\n<h3>Pourquoi dois-je v\u00e9rifier mon compte avant de retirer des fonds?<\/h3>\n<p>La v\u00e9rification du compte est une exigence standard sur Oscarspin afin de garantir que les retraits sont trait\u00e9s de mani\u00e8re s\u00e9curis\u00e9e et conforme aux normes internationales. Ce processus permet de confirmer votre identit\u00e9, valider la propri\u00e9t\u00e9 des m\u00e9thodes de paiement et pr\u00e9venir les fraudes, les jeux de mineurs et le blanchiment d\u2019argent.<\/p>\n<p>La v\u00e9rification est g\u00e9n\u00e9ralement demand\u00e9e avant le premier retrait ou lorsque les transactions cumul\u00e9es atteignent certains seuils. Sans v\u00e9rification compl\u00e8te, les demandes de retrait peuvent \u00eatre retard\u00e9es. Le t\u00e9l\u00e9chargement anticip\u00e9 des documents demand\u00e9s permet de garantir un traitement plus fluide.<\/p>\n<h3>Puis-je t\u00e9l\u00e9charger mes documents depuis un appareil mobile?<\/h3>\n<p>Oui, Oscarspin prend en charge le t\u00e9l\u00e9chargement de documents depuis les appareils mobiles. Vous pouvez prendre des photos directement avec l\u2019appareil photo de votre t\u00e9l\u00e9phone ou s\u00e9lectionner des images enregistr\u00e9es dans votre galerie pour fournir une preuve d\u2019identit\u00e9, d\u2019adresse ou de m\u00e9thode de paiement. La fonction de t\u00e9l\u00e9chargement est accessible depuis les param\u00e8tres du compte dans la version mobile du site. Tous les fichiers sont transmis via des canaux s\u00e9curis\u00e9s et chiffr\u00e9s. Pour de meilleurs r\u00e9sultats, assurez-vous que les photos sont claires, lisibles et non recadr\u00e9es ou floues.<\/p>\n<h3>Est-il possible d\u2019avoir plusieurs comptes sur Oscarspin?<\/h3>\n<p>Chaque joueur ne peut avoir qu\u2019un seul compte actif sur la plateforme Oscarspin. Cette r\u00e8gle permet de garantir un environnement s\u00e9curis\u00e9, d\u2019\u00e9viter les abus de bonus et d\u2019appliquer correctement les mesures de jeu responsable.<\/p>\n<p>Cr\u00e9er plusieurs comptes \u2013 volontairement ou par erreur \u2013 peut entra\u00eener des restrictions, la fermeture des profils en double, et la perte \u00e9ventuelle de bonus ou de fonds. Si vous avez un doute concernant un compte existant, contactez notre \u00e9quipe d\u2019assistance avant de tenter une nouvelle inscription.<\/p>\n<\/div><\/div><\/p>\n","protected":false},"excerpt":{"rendered":"<p>Oscarspin Login Acc\u00e9der \u00e0 votre compte via le portail Oscarspin login vous garantit une connexion s\u00e9curis\u00e9e et ininterrompue \u00e0 toutes les fonctionnalit\u00e9s essentielles de notre plateforme. Une fois authentifi\u00e9, le joueur entre dans un environnement unifi\u00e9 o\u00f9 les jeux, les paiements, les outils de jeu responsable et les param\u00e8tres de profil sont centralis\u00e9s sur un [&hellip;]<\/p>\n","protected":false},"author":9,"featured_media":0,"parent":0,"menu_order":0,"comment_status":"closed","ping_status":"closed","template":"template-builder.php","meta":{"_acf_changed":false,"inline_featured_image":false,"footnotes":""},"class_list":["post-1457","page","type-page","status-publish","hentry"],"acf":[],"yoast_head":"<!-- This site is optimized with the Yoast SEO plugin v24.4 - https:\/\/yoast.com\/wordpress\/plugins\/seo\/ -->\n<title>Oscarspin Login | Connectez-vous \u00e0 votre compte casino<\/title>\n<meta name=\"description\" content=\"Connectez-vous \u00e0 Oscar Spin Casino pour acc\u00e9der \u00e0 votre compte, g\u00e9rer vos d\u00e9p\u00f4ts et retraits, activer vos bonus, consulter l\u2019historique de vos activit\u00e9s et profiter d\u2019un jeu s\u00e9curis\u00e9 avec une assistance 24h\/24.\" \/>\n<meta name=\"robots\" content=\"index, follow, max-snippet:-1, max-image-preview:large, max-video-preview:-1\" \/>\n<link rel=\"canonical\" href=\"https:\/\/oscarspincasino.org\/fr\/connexion-et-inscription\/\" \/>\n<meta property=\"og:locale\" content=\"fr_FR\" \/>\n<meta property=\"og:type\" content=\"article\" \/>\n<meta property=\"og:title\" content=\"Oscarspin Login | Connectez-vous \u00e0 votre compte casino\" \/>\n<meta property=\"og:description\" content=\"Connectez-vous \u00e0 Oscar Spin Casino pour acc\u00e9der \u00e0 votre compte, g\u00e9rer vos d\u00e9p\u00f4ts et retraits, activer vos bonus, consulter l\u2019historique de vos activit\u00e9s et profiter d\u2019un jeu s\u00e9curis\u00e9 avec une assistance 24h\/24.\" \/>\n<meta property=\"og:url\" content=\"https:\/\/oscarspincasino.org\/fr\/connexion-et-inscription\/\" \/>\n<meta property=\"og:site_name\" content=\"oscarspin\" \/>\n<meta property=\"article:modified_time\" content=\"2026-01-28T07:27:24+00:00\" \/>\n<meta name=\"twitter:card\" content=\"summary_large_image\" \/>\n<meta name=\"twitter:label1\" content=\"Dur\u00e9e de lecture estim\u00e9e\" \/>\n\t<meta name=\"twitter:data1\" content=\"1 minute\" \/>\n<script type=\"application\/ld+json\" class=\"yoast-schema-graph\">{\"@context\":\"https:\/\/schema.org\",\"@graph\":[{\"@type\":\"WebPage\",\"@id\":\"https:\/\/oscarspincasino.org\/fr\/connexion-et-inscription\/\",\"url\":\"https:\/\/oscarspincasino.org\/fr\/connexion-et-inscription\/\",\"name\":\"Oscarspin Login | Connectez-vous \u00e0 votre compte casino\",\"isPartOf\":{\"@id\":\"https:\/\/oscarspincasino.org\/fr\/#website\"},\"datePublished\":\"2026-01-27T14:22:49+00:00\",\"dateModified\":\"2026-01-28T07:27:24+00:00\",\"description\":\"Connectez-vous \u00e0 Oscar Spin Casino pour acc\u00e9der \u00e0 votre compte, g\u00e9rer vos d\u00e9p\u00f4ts et retraits, activer vos bonus, consulter l\u2019historique de vos activit\u00e9s et profiter d\u2019un jeu s\u00e9curis\u00e9 avec une assistance 24h\/24.\",\"breadcrumb\":{\"@id\":\"https:\/\/oscarspincasino.org\/fr\/connexion-et-inscription\/#breadcrumb\"},\"inLanguage\":\"fr-FR\",\"potentialAction\":[{\"@type\":\"ReadAction\",\"target\":[\"https:\/\/oscarspincasino.org\/fr\/connexion-et-inscription\/\"]}]},{\"@type\":\"BreadcrumbList\",\"@id\":\"https:\/\/oscarspincasino.org\/fr\/connexion-et-inscription\/#breadcrumb\",\"itemListElement\":[{\"@type\":\"ListItem\",\"position\":1,\"name\":\"Oscarspin\",\"item\":\"https:\/\/oscarspincasino.org\/fr\/\"},{\"@type\":\"ListItem\",\"position\":2,\"name\":\"Connexion et inscription\"}]},{\"@type\":\"WebSite\",\"@id\":\"https:\/\/oscarspincasino.org\/fr\/#website\",\"url\":\"https:\/\/oscarspincasino.org\/fr\/\",\"name\":\"Oscarspin\",\"description\":\"\",\"publisher\":{\"@id\":\"https:\/\/oscarspincasino.org\/fr\/#organization\"},\"potentialAction\":[{\"@type\":\"SearchAction\",\"target\":{\"@type\":\"EntryPoint\",\"urlTemplate\":\"https:\/\/oscarspincasino.org\/fr\/?s={search_term_string}\"},\"query-input\":{\"@type\":\"PropertyValueSpecification\",\"valueRequired\":true,\"valueName\":\"search_term_string\"}}],\"inLanguage\":\"fr-FR\"},{\"@type\":\"Organization\",\"@id\":\"https:\/\/oscarspincasino.org\/fr\/#organization\",\"name\":\"Oscarspin\",\"url\":\"https:\/\/oscarspincasino.org\/fr\/\",\"logo\":{\"@type\":\"ImageObject\",\"inLanguage\":\"fr-FR\",\"@id\":\"https:\/\/oscarspincasino.org\/fr\/#\/schema\/logo\/image\/\",\"url\":\"https:\/\/oscarspincasino.org\/wp-content\/uploads\/2026\/01\/Oscarspin-logo-Desktop.png\",\"contentUrl\":\"https:\/\/oscarspincasino.org\/wp-content\/uploads\/2026\/01\/Oscarspin-logo-Desktop.png\",\"width\":321,\"height\":66,\"caption\":\"Oscarspin\"},\"image\":{\"@id\":\"https:\/\/oscarspincasino.org\/fr\/#\/schema\/logo\/image\/\"}}]}<\/script>\n<!-- \/ Yoast SEO plugin. -->","yoast_head_json":{"title":"Oscarspin Login | Connectez-vous \u00e0 votre compte casino","description":"Connectez-vous \u00e0 Oscar Spin Casino pour acc\u00e9der \u00e0 votre compte, g\u00e9rer vos d\u00e9p\u00f4ts et retraits, activer vos bonus, consulter l\u2019historique de vos activit\u00e9s et profiter d\u2019un jeu s\u00e9curis\u00e9 avec une assistance 24h\/24.","robots":{"index":"index","follow":"follow","max-snippet":"max-snippet:-1","max-image-preview":"max-image-preview:large","max-video-preview":"max-video-preview:-1"},"canonical":"https:\/\/oscarspincasino.org\/fr\/connexion-et-inscription\/","og_locale":"fr_FR","og_type":"article","og_title":"Oscarspin Login | Connectez-vous \u00e0 votre compte casino","og_description":"Connectez-vous \u00e0 Oscar Spin Casino pour acc\u00e9der \u00e0 votre compte, g\u00e9rer vos d\u00e9p\u00f4ts et retraits, activer vos bonus, consulter l\u2019historique de vos activit\u00e9s et profiter d\u2019un jeu s\u00e9curis\u00e9 avec une assistance 24h\/24.","og_url":"https:\/\/oscarspincasino.org\/fr\/connexion-et-inscription\/","og_site_name":"oscarspin","article_modified_time":"2026-01-28T07:27:24+00:00","twitter_card":"summary_large_image","twitter_misc":{"Dur\u00e9e de lecture estim\u00e9e":"1 minute"},"schema":{"@context":"https:\/\/schema.org","@graph":[{"@type":"WebPage","@id":"https:\/\/oscarspincasino.org\/fr\/connexion-et-inscription\/","url":"https:\/\/oscarspincasino.org\/fr\/connexion-et-inscription\/","name":"Oscarspin Login | Connectez-vous \u00e0 votre compte casino","isPartOf":{"@id":"https:\/\/oscarspincasino.org\/fr\/#website"},"datePublished":"2026-01-27T14:22:49+00:00","dateModified":"2026-01-28T07:27:24+00:00","description":"Connectez-vous \u00e0 Oscar Spin Casino pour acc\u00e9der \u00e0 votre compte, g\u00e9rer vos d\u00e9p\u00f4ts et retraits, activer vos bonus, consulter l\u2019historique de vos activit\u00e9s et profiter d\u2019un jeu s\u00e9curis\u00e9 avec une assistance 24h\/24.","breadcrumb":{"@id":"https:\/\/oscarspincasino.org\/fr\/connexion-et-inscription\/#breadcrumb"},"inLanguage":"fr-FR","potentialAction":[{"@type":"ReadAction","target":["https:\/\/oscarspincasino.org\/fr\/connexion-et-inscription\/"]}]},{"@type":"BreadcrumbList","@id":"https:\/\/oscarspincasino.org\/fr\/connexion-et-inscription\/#breadcrumb","itemListElement":[{"@type":"ListItem","position":1,"name":"Oscarspin","item":"https:\/\/oscarspincasino.org\/fr\/"},{"@type":"ListItem","position":2,"name":"Connexion et inscription"}]},{"@type":"WebSite","@id":"https:\/\/oscarspincasino.org\/fr\/#website","url":"https:\/\/oscarspincasino.org\/fr\/","name":"Oscarspin","description":"","publisher":{"@id":"https:\/\/oscarspincasino.org\/fr\/#organization"},"potentialAction":[{"@type":"SearchAction","target":{"@type":"EntryPoint","urlTemplate":"https:\/\/oscarspincasino.org\/fr\/?s={search_term_string}"},"query-input":{"@type":"PropertyValueSpecification","valueRequired":true,"valueName":"search_term_string"}}],"inLanguage":"fr-FR"},{"@type":"Organization","@id":"https:\/\/oscarspincasino.org\/fr\/#organization","name":"Oscarspin","url":"https:\/\/oscarspincasino.org\/fr\/","logo":{"@type":"ImageObject","inLanguage":"fr-FR","@id":"https:\/\/oscarspincasino.org\/fr\/#\/schema\/logo\/image\/","url":"https:\/\/oscarspincasino.org\/wp-content\/uploads\/2026\/01\/Oscarspin-logo-Desktop.png","contentUrl":"https:\/\/oscarspincasino.org\/wp-content\/uploads\/2026\/01\/Oscarspin-logo-Desktop.png","width":321,"height":66,"caption":"Oscarspin"},"image":{"@id":"https:\/\/oscarspincasino.org\/fr\/#\/schema\/logo\/image\/"}}]}},"_links":{"self":[{"href":"https:\/\/oscarspincasino.org\/fr\/wp-json\/wp\/v2\/pages\/1457"}],"collection":[{"href":"https:\/\/oscarspincasino.org\/fr\/wp-json\/wp\/v2\/pages"}],"about":[{"href":"https:\/\/oscarspincasino.org\/fr\/wp-json\/wp\/v2\/types\/page"}],"author":[{"embeddable":true,"href":"https:\/\/oscarspincasino.org\/fr\/wp-json\/wp\/v2\/users\/9"}],"replies":[{"embeddable":true,"href":"https:\/\/oscarspincasino.org\/fr\/wp-json\/wp\/v2\/comments?post=1457"}],"version-history":[{"count":2,"href":"https:\/\/oscarspincasino.org\/fr\/wp-json\/wp\/v2\/pages\/1457\/revisions"}],"predecessor-version":[{"id":1496,"href":"https:\/\/oscarspincasino.org\/fr\/wp-json\/wp\/v2\/pages\/1457\/revisions\/1496"}],"wp:attachment":[{"href":"https:\/\/oscarspincasino.org\/fr\/wp-json\/wp\/v2\/media?parent=1457"}],"curies":[{"name":"wp","href":"https:\/\/api.w.org\/{rel}","templated":true}]}}