{"id":1425,"date":"2026-01-27T14:17:21","date_gmt":"2026-01-27T14:17:21","guid":{"rendered":"https:\/\/oscarspincasino.org\/app-2\/"},"modified":"2026-01-28T12:19:56","modified_gmt":"2026-01-28T12:19:56","slug":"aplicacion","status":"publish","type":"page","link":"https:\/\/oscarspincasino.org\/es\/aplicacion\/","title":{"rendered":"Aplicaci\u00f3n"},"content":{"rendered":"<h1>Oscarspin App<\/h1>\n<p>Oscarspin App ofrece acceso constante a nuestra plataforma completa a trav\u00e9s de navegadores m\u00f3viles y de escritorio. Refleja las funciones principales del sitio web, incluidos los dep\u00f3sitos, retiros, el proceso de verificaci\u00f3n y el juego con dinero real, adapt\u00e1ndose a una amplia variedad de formatos de pantalla.<\/p>\n<p>Dise\u00f1ada pensando en la usabilidad, la interfaz m\u00f3vil admite navegaci\u00f3n por gestos, dise\u00f1o claro y un rendimiento estable tanto en iOS como en Android. Los jugadores pueden abrir tragaperras online, explorar promociones y contactar con el Equipo de Soporte o el chat en vivo sin cambiar de dispositivo ni perder los datos de sesi\u00f3n. Para un acceso mejorado, el casino Oscarspin puede fijarse en la pantalla de inicio como acceso directo, creando un punto de entrada tipo aplicaci\u00f3n que se abre en una vista optimizada y centrada.<\/p>\n<p>No se requiere descarga desde ninguna tienda. La aplicaci\u00f3n Oscar Spin se ejecuta directamente en el navegador manteniendo la comunicaci\u00f3n cifrada, la compatibilidad con los pagos y la integraci\u00f3n completa con la configuraci\u00f3n de la cuenta y las herramientas de juego responsable.<\/p>\n<div class=\"banner-wrap\" aria-label=\"Banner\"><img src=\"https:\/\/oscarspincasino.org\/wp-content\/uploads\/2026\/01\/rw8JTBureiQHhx3j3rsg.webp\" class=\"w-100 d-none d-lg-block img-pc main-banner-img\" alt=\"Oscarspin desktop banner\" fetchpriority=\"high\" decoding=\"async\"><img src=\"https:\/\/oscarspincasino.org\/wp-content\/uploads\/2026\/01\/Oscarspin-mobile-banner.webp\" class=\"w-100 d-none d-md-block d-lg-none main-banner-img\" alt=\"Oscarspin mobile banner\" fetchpriority=\"high\" decoding=\"async\"><img src=\"https:\/\/oscarspincasino.org\/wp-content\/uploads\/2026\/01\/Oscarspin-mobile-banner.webp\" class=\"w-100 d-md-none\" alt=\"Oscarspin mobile banner\" fetchpriority=\"high\" decoding=\"async\"><div class=\"banner-description\">\n<div class=\"banner-title\">Bono de bienvenida<\/div>\n<p class=\"banner-header-title\">4500 \u20ac<\/p>\n<div class=\"banner-header-AdditionalText\">+ 350 tiradas gratis<\/div>\n<button data-item=\"homepage_banner_link\" class=\"goto m-button m-gradient-border m-button--primary m-button--large banner-button btn-orange\">\n            <div class=\"m-button-content\">\n                <span>Reg\u00edstrate ahora<\/span>\n                <span><\/span>\n            <\/div>\n        <\/button>\n<\/div>\n<div class=\"WelcomePack\">\n<p><img loading=\"lazy\" decoding=\"async\" class=\"alignnone size-full wp-image-1336\" src=\"https:\/\/oscarspincasino.org\/wp-content\/uploads\/2026\/01\/welcome-crown.png\" alt=\"welcome crown\" width=\"25\" height=\"26\" \/><\/p>\n<div class=\"WelcomePack-Info\">Cashback semanal de hasta el 25 %<\/div>\n<p><img loading=\"lazy\" decoding=\"async\" class=\"alignnone size-full wp-image-1336\" src=\"https:\/\/oscarspincasino.org\/wp-content\/uploads\/2026\/01\/welcome-crown.png\" alt=\"welcome crown\" width=\"25\" height=\"26\" \/><\/p>\n<\/div>\n<\/div>\n<h2>Caracter\u00edsticas clave del casino m\u00f3vil Oscarspin<\/h2>\n<p>El casino m\u00f3vil Oscarspin est\u00e1 dise\u00f1ado para ofrecer una experiencia de juego completa directamente en tu navegador, sin necesidad de instalaci\u00f3n. Tanto si juegas en Android como en iOS, la interfaz se adapta a pantallas m\u00e1s peque\u00f1as sin perder acceso a funciones esenciales como el cajero, las promociones y el soporte por chat en vivo.<\/p>\n<p>La navegaci\u00f3n est\u00e1 totalmente optimizada para el uso t\u00e1ctil, con categor\u00edas de juegos, filtros y actividad reciente siempre al alcance. El dise\u00f1o est\u00e1 estructurado para minimizar los pasos y mantener todo visible mientras te desplazas entre secciones. Las herramientas principales, como la activaci\u00f3n de bonos y la configuraci\u00f3n de la cuenta, permanecen activas en la vista m\u00f3vil, permiti\u00e9ndote gestionar tu sesi\u00f3n sin cambiar de dispositivo.<\/p>\n<p>Las principales ventajas de la versi\u00f3n m\u00f3vil incluyen:<\/p>\n<ul>\n<li>Interfaz de carga r\u00e1pida con acceso a todas las tragaperras online y mesas en vivo;<\/li>\n<li>Acceso con un solo toque colocando un acceso directo en la pantalla de inicio;<\/li>\n<li>Ajuste autom\u00e1tico a la orientaci\u00f3n de la pantalla, tanto vertical como horizontal;<\/li>\n<li>Sincronizaci\u00f3n fluida de la cuenta, permitiendo continuar el juego entre el m\u00f3vil y el ordenador;<\/li>\n<li>Acceso integrado al soporte, incluido el chat en vivo desde cualquier pantalla;<\/li>\n<li>Pagos cifrados y proceso de verificaci\u00f3n seguro en el m\u00f3vil.<\/li>\n<\/ul>\n<p>Esta versi\u00f3n reproduce el flujo del escritorio, pero est\u00e1 mejor adaptada para sesiones r\u00e1pidas, viajes o uso en varios dispositivos. Todo est\u00e1 dise\u00f1ado para mantener una experiencia de juego coherente, est\u00e9s donde est\u00e9s.<\/p>\n<p><div class=\"scrollable-content-wrap my-5\"><div class=\"scrollable-content-inner\"><h2>Aplicaci\u00f3n m\u00f3vil Oscarspin para Android<\/h2>\n<p>La app Oscarspin para Android est\u00e1 disponible directamente a trav\u00e9s de tu navegador m\u00f3vil y puede a\u00f1adirse a la pantalla de inicio con solo unos toques. La interfaz est\u00e1 adaptada a pantallas peque\u00f1as, ofreciendo acceso r\u00e1pido a las tragaperras online, mesas en vivo, promociones, herramientas del cajero y configuraciones de cuenta. No se necesita descarga desde ninguna tienda: la app funciona de forma fiable desde tu navegador, manteniendo todas las funciones clave al alcance.<\/p>\n<p>Para a\u00f1adir la app Oscar Spin a la pantalla de inicio de Android:<\/p>\n<ul>\n<li>Abre el sitio oficial del casino Oscarspin en Chrome o en tu navegador principal<\/li>\n<li>Despl\u00e1zate hasta la parte inferior de la p\u00e1gina de inicio<\/li>\n<li>Toca el bot\u00f3n \u201cCasino App\u201d cuando aparezca<\/li>\n<li>Selecciona \u201cA\u00f1adir a la pantalla de inicio\u201d o \u201cInstalar aplicaci\u00f3n\u201d<\/li>\n<li>Confirma la acci\u00f3n para crear el acceso directo de la app Oscarspin<\/li>\n<\/ul>\n<p>Una vez instalada, simplemente toca el nuevo icono para iniciar sesi\u00f3n y seguir jugando. Tu cuenta permanece sincronizada y puedes activar las notificaciones push para recibir actualizaciones en tiempo real sobre bonos, torneos y eventos de la cuenta.<\/p>\n<p>Para mantener seguras tus sesiones, recomendamos instalar la app solo mediante la opci\u00f3n mostrada en el sitio oficial y mantener el navegador actualizado. Tu historial de juego, saldo y favoritos permanecen conectados en todo momento.<\/p>\n<p><img loading=\"lazy\" decoding=\"async\" src=\"https:\/\/oscarspincasino.org\/wp-content\/uploads\/2026\/01\/Oscarspin-Android-App.webp\" alt=\"Oscarspin Android App\" width=\"1248\" height=\"536\" \/><\/p>\n<\/div><\/div><div style=\"clear: both\"><\/div><div class=\"d-flex justify-content-center\"><button data-item=\"decouvrez_link\" data-group=\"website_links\" class=\"goto fw-bold rounded-pill btn btn-orange\" aria-label=\"Descarga la aplicaci\u00f3n Oscarspin\" >Descarga la aplicaci\u00f3n Oscarspin<\/button><\/div><div class=\"scrollable-content-wrap my-5\"><div class=\"scrollable-content-inner\"><h2>Aplicaci\u00f3n de casino Oscarspin en iOS<\/h2>\n<p>La app Oscarspin para iOS ofrece una interfaz de casino fluida y fiable directamente en Safari. Sin necesidad de descargar nada desde la App Store, puedes abrir el casino m\u00f3vil en una ventana a pantalla completa con estilo de aplicaci\u00f3n desde tu iPhone o iPad. La estructura est\u00e1 optimizada para el uso t\u00e1ctil, y todas las funciones esenciales \u2014 tragaperras online, juegos en vivo, promociones, cajero y chat en vivo \u2014 permanecen accesibles con carga r\u00e1pida y navegaci\u00f3n fluida.<\/p>\n<p>Para a\u00f1adir la app Oscar Spin a tu iPhone o iPad:<\/p>\n<ul>\n<li>Abre Safari y visita el sitio oficial del casino Oscar Spin<\/li>\n<li>Despl\u00e1zate hasta la parte inferior de la p\u00e1gina y toca el banner \u201cCasino App\u201d<\/li>\n<li>En el men\u00fa de Safari, selecciona \u201cA\u00f1adir a la pantalla de inicio\u201d<\/li>\n<li>Confirma el nombre del acceso directo y toca A\u00f1adir<\/li>\n<\/ul>\n<p>El acceso directo aparecer\u00e1 en tu pantalla de inicio y abrir\u00e1 Oscar Spin en una interfaz limpia, ocultando los elementos del navegador para una experiencia de juego m\u00e1s centrada. El progreso del juego, los bonos y las herramientas de pago permanecen completamente sincronizados entre m\u00f3vil y escritorio.<\/p>\n<p>En iPad, la interfaz se ajusta autom\u00e1ticamente a la vista apaisada, ofreciendo m\u00e1s espacio para navegar y un control m\u00e1s f\u00e1cil durante las mesas en vivo o la activaci\u00f3n de bonos. Ya sea con tel\u00e9fono o tableta, dispones de funcionalidad completa con acceso seguro a todas las herramientas de la cuenta y notificaciones en tiempo real cuando est\u00e9n disponibles.<\/p>\n<p><img loading=\"lazy\" decoding=\"async\" src=\"https:\/\/oscarspincasino.org\/wp-content\/uploads\/2026\/01\/Oscarspin-iOS-App.webp\" alt=\"Oscarspin iOS App\" width=\"1248\" height=\"536\" \/><\/p>\n<\/div><\/div><div style=\"clear: both\"><\/div><div class=\"d-flex justify-content-center\"><button data-item=\"decouvrez_link\" data-group=\"website_links\" class=\"goto fw-bold rounded-pill btn btn-orange\" aria-label=\"Descargar Oscarspin\" >Descargar Oscarspin<\/button><\/div><div class=\"scrollable-content-wrap my-5\"><div class=\"scrollable-content-inner\"><h2>Aplicaci\u00f3n de casino Oscarspin para Windows\/macOS<\/h2>\n<p>El casino Oscarspin funciona sin problemas en los navegadores modernos tanto en Windows como en macOS, ofreciendo acceso completo a la plataforma sin necesidad de instalaci\u00f3n. Una vez iniciada la sesi\u00f3n, los jugadores pueden acceder al vest\u00edbulo completo, abrir tragaperras y juegos en vivo, gestionar dep\u00f3sitos y retiros, y contactar con el Equipo de Soporte, todo dentro de un entorno de escritorio estable. La interfaz aprovecha de manera eficiente las pantallas grandes, ofreciendo vistas previas de juegos m\u00e1s amplias, elementos de navegaci\u00f3n fijos y acceso r\u00e1pido a herramientas promocionales o configuraciones de juego responsable. El soporte de m\u00faltiples ventanas tambi\u00e9n facilita mantener abierta la caja, la p\u00e1gina de torneos o los t\u00e9rminos junto a los juegos activos.<\/p>\n<p>Para los jugadores que prefieren jugar en ordenador, esta configuraci\u00f3n ofrece sesiones m\u00e1s largas e ininterrumpidas con tiempos de carga m\u00ednimos. Incluso puedes crear un acceso directo basado en el navegador en tu escritorio para acceder a Oscar Spin con un solo clic, lo que abre la plataforma en una ventana centrada, ideal para quienes disfrutan jugando en un espacio dedicado y sin distracciones.<\/p>\n<p><img loading=\"lazy\" decoding=\"async\" src=\"https:\/\/oscarspincasino.org\/wp-content\/uploads\/2026\/01\/Oscarspin-Desktop.webp\" alt=\"Oscarspin Desktop\" width=\"1248\" height=\"536\" \/><\/p>\n<\/div><\/div><div style=\"clear: both\"><\/div><div class=\"d-flex justify-content-center\"><button data-item=\"decouvrez_link\" data-group=\"website_links\" class=\"goto fw-bold rounded-pill btn btn-orange\" aria-label=\"Descarga la aplicaci\u00f3n Oscarspin\" >Descarga la aplicaci\u00f3n Oscarspin<\/button><\/div><div class=\"scrollable-content-wrap my-5\"><div class=\"scrollable-content-inner\"><h2>Preguntas frecuentes (FAQ)<\/h2>\n<h3>\u00bfExiste una aplicaci\u00f3n Oscar Spin dedicada disponible para descargar en Android o iOS?<\/h3>\n<p>Oscarspin se ofrece como una Progressive Web App (PWA) en lugar de una aplicaci\u00f3n descargable desde Google Play o la App Store. Este formato permite instalar un acceso directo directamente desde tu navegador m\u00f3vil, creando un icono con estilo de aplicaci\u00f3n que abre Oscar Spin en una ventana limpia a pantalla completa. La PWA mantiene todas las funciones principales accesibles \u2014 incluidas las tragaperras online, el Live Casino, el cajero y el soporte \u2014 y utiliza el navegador para las actualizaciones en lugar de una instalaci\u00f3n tradicional.<\/p>\n<h3>\u00bfFunciona la app Oscarspin en dispositivos Android o iOS m\u00e1s antiguos?<\/h3>\n<p>La PWA de Oscarspin est\u00e1 dise\u00f1ada para funcionar en una amplia gama de navegadores m\u00f3viles modernos, por lo que la mayor\u00eda de los dispositivos que admiten una versi\u00f3n actualizada de Chrome, Safari o un navegador equivalente la manejar\u00e1n sin problemas. El rendimiento depende principalmente de la capacidad del dispositivo para procesar contenido web de manera fluida, m\u00e1s que de los requisitos espec\u00edficos del sistema operativo.<\/p>\n<p>Los dispositivos m\u00e1s antiguos pueden necesitar una versi\u00f3n actual del navegador para garantizar la carga adecuada de los juegos, pagos seguros y navegaci\u00f3n estable. Mantener actualizado tanto el navegador como el software del sistema mejora generalmente la respuesta y la compatibilidad.<\/p>\n<h3>\u00bfPuedo usar el inicio de sesi\u00f3n biom\u00e9trico (Face ID o huella dactilar) con la app Oscarspin?<\/h3>\n<p>El acceso biom\u00e9trico funciona a trav\u00e9s del gestor de contrase\u00f1as integrado del navegador m\u00f3vil. Una vez que guardas tus credenciales en Safari o Chrome, el navegador puede solicitar Face ID, Touch ID o verificaci\u00f3n por huella al completar los datos de inicio de sesi\u00f3n. Esto permite un acceso r\u00e1pido y seguro a Oscarspin sin almacenar informaci\u00f3n sensible dentro de la propia PWA.<\/p>\n<h3>\u00bfPuedo cambiar entre dispositivos sin perder mi progreso o configuraciones?<\/h3>\n<p>Oscarspin mantiene tu saldo, bonos, l\u00edmites y configuraciones de cuenta vinculados a tu perfil, por lo que todo permanece sincronizado cuando te mueves entre tel\u00e9fono, tableta y ordenador. Una vez que inicias sesi\u00f3n, tu historial de actividad y preferencias guardadas aparecen inmediatamente, independientemente del dispositivo.<\/p>\n<p>Esta configuraci\u00f3n es especialmente \u00fatil para sesiones en las que comienzas en una plataforma y contin\u00faas en otra \u2014 por ejemplo, explorando juegos en el m\u00f3vil y luego regresando a los mismos t\u00edtulos en el escritorio con el mismo estado de cuenta conservado.<\/p>\n<h3>\u00bfCu\u00e1nto espacio ocupa la app Oscar Spin en mi dispositivo?<\/h3>\n<p>La PWA de Oscarspin no se instala como una aplicaci\u00f3n tradicional y, por lo tanto, ocupa un espacio m\u00ednimo. El icono en la pantalla de inicio simplemente abre la versi\u00f3n m\u00f3vil en una ventana dedicada. El espacio utilizado proviene principalmente de datos normales del navegador, como im\u00e1genes en cach\u00e9 y archivos de juego temporales, que pueden eliminarse en cualquier momento desde la configuraci\u00f3n del navegador.<\/p>\n<\/div><\/div><\/p>\n","protected":false},"excerpt":{"rendered":"<p>Oscarspin App Oscarspin App ofrece acceso constante a nuestra plataforma completa a trav\u00e9s de navegadores m\u00f3viles y de escritorio. Refleja las funciones principales del sitio web, incluidos los dep\u00f3sitos, retiros, el proceso de verificaci\u00f3n y el juego con dinero real, adapt\u00e1ndose a una amplia variedad de formatos de pantalla. Dise\u00f1ada pensando en la usabilidad, la [&hellip;]<\/p>\n","protected":false},"author":9,"featured_media":0,"parent":0,"menu_order":0,"comment_status":"closed","ping_status":"closed","template":"template-builder.php","meta":{"_acf_changed":false,"inline_featured_image":false,"footnotes":""},"class_list":["post-1425","page","type-page","status-publish","hentry"],"acf":[],"yoast_head":"<!-- This site is optimized with the Yoast SEO plugin v24.4 - https:\/\/yoast.com\/wordpress\/plugins\/seo\/ -->\n<title>Oscarspin Casino App | Aplicaci\u00f3n m\u00f3vil oficial<\/title>\n<meta name=\"description\" content=\"Descarga la Oscar Spin Casino App en Android, iOS, Windows y macOS a trav\u00e9s de tu navegador. Juega a m\u00e1s de 6000 slots y juegos en vivo con retiradas r\u00e1pidas, pagos seguros y soporte 24\/7.\" \/>\n<meta name=\"robots\" content=\"index, follow, max-snippet:-1, max-image-preview:large, max-video-preview:-1\" \/>\n<link rel=\"canonical\" href=\"https:\/\/oscarspincasino.org\/es\/aplicacion\/\" \/>\n<meta property=\"og:locale\" content=\"es_ES\" \/>\n<meta property=\"og:type\" content=\"article\" \/>\n<meta property=\"og:title\" content=\"Oscarspin Casino App | Aplicaci\u00f3n m\u00f3vil oficial\" \/>\n<meta property=\"og:description\" content=\"Descarga la Oscar Spin Casino App en Android, iOS, Windows y macOS a trav\u00e9s de tu navegador. Juega a m\u00e1s de 6000 slots y juegos en vivo con retiradas r\u00e1pidas, pagos seguros y soporte 24\/7.\" \/>\n<meta property=\"og:url\" content=\"https:\/\/oscarspincasino.org\/es\/aplicacion\/\" \/>\n<meta property=\"og:site_name\" content=\"oscarspin\" \/>\n<meta property=\"article:modified_time\" content=\"2026-01-28T12:19:56+00:00\" \/>\n<meta name=\"twitter:card\" content=\"summary_large_image\" \/>\n<meta name=\"twitter:label1\" content=\"Est. reading time\" \/>\n\t<meta name=\"twitter:data1\" content=\"2 minutos\" \/>\n<script type=\"application\/ld+json\" class=\"yoast-schema-graph\">{\"@context\":\"https:\/\/schema.org\",\"@graph\":[{\"@type\":\"WebPage\",\"@id\":\"https:\/\/oscarspincasino.org\/es\/aplicacion\/\",\"url\":\"https:\/\/oscarspincasino.org\/es\/aplicacion\/\",\"name\":\"Oscarspin Casino App | Aplicaci\u00f3n m\u00f3vil oficial\",\"isPartOf\":{\"@id\":\"https:\/\/oscarspincasino.org\/es\/#website\"},\"datePublished\":\"2026-01-27T14:17:21+00:00\",\"dateModified\":\"2026-01-28T12:19:56+00:00\",\"description\":\"Descarga la Oscar Spin Casino App en Android, iOS, Windows y macOS a trav\u00e9s de tu navegador. Juega a m\u00e1s de 6000 slots y juegos en vivo con retiradas r\u00e1pidas, pagos seguros y soporte 24\/7.\",\"breadcrumb\":{\"@id\":\"https:\/\/oscarspincasino.org\/es\/aplicacion\/#breadcrumb\"},\"inLanguage\":\"es\",\"potentialAction\":[{\"@type\":\"ReadAction\",\"target\":[\"https:\/\/oscarspincasino.org\/es\/aplicacion\/\"]}]},{\"@type\":\"BreadcrumbList\",\"@id\":\"https:\/\/oscarspincasino.org\/es\/aplicacion\/#breadcrumb\",\"itemListElement\":[{\"@type\":\"ListItem\",\"position\":1,\"name\":\"Oscarspin\",\"item\":\"https:\/\/oscarspincasino.org\/es\/\"},{\"@type\":\"ListItem\",\"position\":2,\"name\":\"Aplicaci\u00f3n\"}]},{\"@type\":\"WebSite\",\"@id\":\"https:\/\/oscarspincasino.org\/es\/#website\",\"url\":\"https:\/\/oscarspincasino.org\/es\/\",\"name\":\"Oscarspin\",\"description\":\"\",\"publisher\":{\"@id\":\"https:\/\/oscarspincasino.org\/es\/#organization\"},\"potentialAction\":[{\"@type\":\"SearchAction\",\"target\":{\"@type\":\"EntryPoint\",\"urlTemplate\":\"https:\/\/oscarspincasino.org\/es\/?s={search_term_string}\"},\"query-input\":{\"@type\":\"PropertyValueSpecification\",\"valueRequired\":true,\"valueName\":\"search_term_string\"}}],\"inLanguage\":\"es\"},{\"@type\":\"Organization\",\"@id\":\"https:\/\/oscarspincasino.org\/es\/#organization\",\"name\":\"Oscarspin\",\"url\":\"https:\/\/oscarspincasino.org\/es\/\",\"logo\":{\"@type\":\"ImageObject\",\"inLanguage\":\"es\",\"@id\":\"https:\/\/oscarspincasino.org\/es\/#\/schema\/logo\/image\/\",\"url\":\"https:\/\/oscarspincasino.org\/wp-content\/uploads\/2026\/01\/Oscarspin-logo-Desktop.png\",\"contentUrl\":\"https:\/\/oscarspincasino.org\/wp-content\/uploads\/2026\/01\/Oscarspin-logo-Desktop.png\",\"width\":321,\"height\":66,\"caption\":\"Oscarspin\"},\"image\":{\"@id\":\"https:\/\/oscarspincasino.org\/es\/#\/schema\/logo\/image\/\"}}]}<\/script>\n<!-- \/ Yoast SEO plugin. -->","yoast_head_json":{"title":"Oscarspin Casino App | Aplicaci\u00f3n m\u00f3vil oficial","description":"Descarga la Oscar Spin Casino App en Android, iOS, Windows y macOS a trav\u00e9s de tu navegador. Juega a m\u00e1s de 6000 slots y juegos en vivo con retiradas r\u00e1pidas, pagos seguros y soporte 24\/7.","robots":{"index":"index","follow":"follow","max-snippet":"max-snippet:-1","max-image-preview":"max-image-preview:large","max-video-preview":"max-video-preview:-1"},"canonical":"https:\/\/oscarspincasino.org\/es\/aplicacion\/","og_locale":"es_ES","og_type":"article","og_title":"Oscarspin Casino App | Aplicaci\u00f3n m\u00f3vil oficial","og_description":"Descarga la Oscar Spin Casino App en Android, iOS, Windows y macOS a trav\u00e9s de tu navegador. Juega a m\u00e1s de 6000 slots y juegos en vivo con retiradas r\u00e1pidas, pagos seguros y soporte 24\/7.","og_url":"https:\/\/oscarspincasino.org\/es\/aplicacion\/","og_site_name":"oscarspin","article_modified_time":"2026-01-28T12:19:56+00:00","twitter_card":"summary_large_image","twitter_misc":{"Est. reading time":"2 minutos"},"schema":{"@context":"https:\/\/schema.org","@graph":[{"@type":"WebPage","@id":"https:\/\/oscarspincasino.org\/es\/aplicacion\/","url":"https:\/\/oscarspincasino.org\/es\/aplicacion\/","name":"Oscarspin Casino App | Aplicaci\u00f3n m\u00f3vil oficial","isPartOf":{"@id":"https:\/\/oscarspincasino.org\/es\/#website"},"datePublished":"2026-01-27T14:17:21+00:00","dateModified":"2026-01-28T12:19:56+00:00","description":"Descarga la Oscar Spin Casino App en Android, iOS, Windows y macOS a trav\u00e9s de tu navegador. Juega a m\u00e1s de 6000 slots y juegos en vivo con retiradas r\u00e1pidas, pagos seguros y soporte 24\/7.","breadcrumb":{"@id":"https:\/\/oscarspincasino.org\/es\/aplicacion\/#breadcrumb"},"inLanguage":"es","potentialAction":[{"@type":"ReadAction","target":["https:\/\/oscarspincasino.org\/es\/aplicacion\/"]}]},{"@type":"BreadcrumbList","@id":"https:\/\/oscarspincasino.org\/es\/aplicacion\/#breadcrumb","itemListElement":[{"@type":"ListItem","position":1,"name":"Oscarspin","item":"https:\/\/oscarspincasino.org\/es\/"},{"@type":"ListItem","position":2,"name":"Aplicaci\u00f3n"}]},{"@type":"WebSite","@id":"https:\/\/oscarspincasino.org\/es\/#website","url":"https:\/\/oscarspincasino.org\/es\/","name":"Oscarspin","description":"","publisher":{"@id":"https:\/\/oscarspincasino.org\/es\/#organization"},"potentialAction":[{"@type":"SearchAction","target":{"@type":"EntryPoint","urlTemplate":"https:\/\/oscarspincasino.org\/es\/?s={search_term_string}"},"query-input":{"@type":"PropertyValueSpecification","valueRequired":true,"valueName":"search_term_string"}}],"inLanguage":"es"},{"@type":"Organization","@id":"https:\/\/oscarspincasino.org\/es\/#organization","name":"Oscarspin","url":"https:\/\/oscarspincasino.org\/es\/","logo":{"@type":"ImageObject","inLanguage":"es","@id":"https:\/\/oscarspincasino.org\/es\/#\/schema\/logo\/image\/","url":"https:\/\/oscarspincasino.org\/wp-content\/uploads\/2026\/01\/Oscarspin-logo-Desktop.png","contentUrl":"https:\/\/oscarspincasino.org\/wp-content\/uploads\/2026\/01\/Oscarspin-logo-Desktop.png","width":321,"height":66,"caption":"Oscarspin"},"image":{"@id":"https:\/\/oscarspincasino.org\/es\/#\/schema\/logo\/image\/"}}]}},"_links":{"self":[{"href":"https:\/\/oscarspincasino.org\/es\/wp-json\/wp\/v2\/pages\/1425"}],"collection":[{"href":"https:\/\/oscarspincasino.org\/es\/wp-json\/wp\/v2\/pages"}],"about":[{"href":"https:\/\/oscarspincasino.org\/es\/wp-json\/wp\/v2\/types\/page"}],"author":[{"embeddable":true,"href":"https:\/\/oscarspincasino.org\/es\/wp-json\/wp\/v2\/users\/9"}],"replies":[{"embeddable":true,"href":"https:\/\/oscarspincasino.org\/es\/wp-json\/wp\/v2\/comments?post=1425"}],"version-history":[{"count":2,"href":"https:\/\/oscarspincasino.org\/es\/wp-json\/wp\/v2\/pages\/1425\/revisions"}],"predecessor-version":[{"id":1802,"href":"https:\/\/oscarspincasino.org\/es\/wp-json\/wp\/v2\/pages\/1425\/revisions\/1802"}],"wp:attachment":[{"href":"https:\/\/oscarspincasino.org\/es\/wp-json\/wp\/v2\/media?parent=1425"}],"curies":[{"name":"wp","href":"https:\/\/api.w.org\/{rel}","templated":true}]}}